{"id":666,"date":"2017-09-24T14:54:18","date_gmt":"2017-09-24T19:54:18","guid":{"rendered":"https:\/\/www.afghealthclinic.com\/\/servicios\/"},"modified":"2020-04-03T12:57:58","modified_gmt":"2020-04-03T17:57:58","slug":"servicios","status":"publish","type":"page","link":"https:\/\/www.afghealthclinic.com\/es\/servicios\/","title":{"rendered":"Servicios"},"content":{"rendered":"<p>[et_pb_section fb_built=\u00bb1&#8243; module_id=\u00bbhero-home\u00bb _builder_version=\u00bb3.22&#8243; background_color=\u00bb#cccccc\u00bb background_image=\u00bbhttps:\/\/www.afghealthclinic.com\/\/wp-content\/uploads\/2017\/08\/doc-with-boy.jpg\u00bb background_position=\u00bbbottom_center\u00bb custom_padding=\u00bb||70px|\u00bb][et_pb_row _builder_version=\u00bb3.25&#8243; background_size=\u00bbinitial\u00bb background_position=\u00bbtop_left\u00bb background_repeat=\u00bbrepeat\u00bb][et_pb_column type=\u00bb4_4&#8243; _builder_version=\u00bb3.25&#8243; custom_padding=\u00bb|||\u00bb custom_padding__hover=\u00bb|||\u00bb][et_pb_text admin_label=\u00bbServices Offered to You\u00bb _builder_version=\u00bb3.27.4&#8243; background_layout=\u00bbdark\u00bb module_alignment=\u00bbleft\u00bb border_style=\u00bbsolid\u00bb]<\/p>\n<h2>Servicios<\/h2>\n<h1>Ofrecidos a Usted<\/h1>\n<p>&nbsp;<br \/>\n[\/et_pb_text][\/et_pb_column][\/et_pb_row][\/et_pb_section][et_pb_section fb_built=\u00bb1&#8243; _builder_version=\u00bb3.22&#8243;][et_pb_row use_custom_gutter=\u00bbon\u00bb gutter_width=\u00bb1&#8243; _builder_version=\u00bb3.25&#8243; column_structure=\u00bb1_3,1_3,1_3&#8243;][et_pb_column type=\u00bb1_3&#8243; _builder_version=\u00bb3.25&#8243; custom_padding=\u00bb|||\u00bb custom_padding__hover=\u00bb|||\u00bb][et_pb_button button_url=\u00bbhttps:\/\/www.bellin.org\/afg\u00bb url_new_window=\u00bbon\u00bb button_text=\u00bbProgramar\u00bb button_alignment=\u00bbcenter\u00bb admin_label=\u00bbSchedule Button\u00bb _builder_version=\u00bb3.16&#8243; custom_button=\u00bbon\u00bb button_bg_color=\u00bb#486375&#8243; button_border_radius=\u00bb0&#8243; button_icon=\u00bb%%130%%\u00bb button_icon_placement=\u00bbleft\u00bb button_on_hover=\u00bboff\u00bb background_layout=\u00bbdark\u00bb custom_css_main_element=\u00bbbox-shadow: none;||width: 100%;\u00bb button_letter_spacing_hover=\u00bb0&#8243; button_text_size__hover_enabled=\u00bboff\u00bb button_one_text_size__hover_enabled=\u00bboff\u00bb button_two_text_size__hover_enabled=\u00bboff\u00bb button_text_color__hover_enabled=\u00bboff\u00bb button_one_text_color__hover_enabled=\u00bboff\u00bb button_two_text_color__hover_enabled=\u00bboff\u00bb button_border_width__hover_enabled=\u00bboff\u00bb button_one_border_width__hover_enabled=\u00bboff\u00bb button_two_border_width__hover_enabled=\u00bboff\u00bb button_border_color__hover_enabled=\u00bboff\u00bb button_one_border_color__hover_enabled=\u00bboff\u00bb button_two_border_color__hover_enabled=\u00bboff\u00bb button_border_radius__hover_enabled=\u00bboff\u00bb button_one_border_radius__hover_enabled=\u00bboff\u00bb button_two_border_radius__hover_enabled=\u00bboff\u00bb button_letter_spacing__hover_enabled=\u00bbon\u00bb button_letter_spacing__hover=\u00bb0&#8243; button_one_letter_spacing__hover_enabled=\u00bboff\u00bb button_two_letter_spacing__hover_enabled=\u00bboff\u00bb button_bg_color__hover_enabled=\u00bboff\u00bb button_one_bg_color__hover_enabled=\u00bboff\u00bb button_two_bg_color__hover_enabled=\u00bboff\u00bb][\/et_pb_button][\/et_pb_column][et_pb_column type=\u00bb1_3&#8243; _builder_version=\u00bb3.25&#8243; custom_padding=\u00bb|||\u00bb custom_padding__hover=\u00bb|||\u00bb][et_pb_button button_url=\u00bbtel:1-920-445-7095&#8243; url_new_window=\u00bbon\u00bb button_text=\u00bb(920) 445-7095&#8243; button_alignment=\u00bbcenter\u00bb admin_label=\u00bbCall Button\u00bb _builder_version=\u00bb3.16&#8243; custom_button=\u00bbon\u00bb button_bg_color=\u00bb#ca938c\u00bb button_border_radius=\u00bb0&#8243; button_icon=\u00bb%%264%%\u00bb button_icon_placement=\u00bbleft\u00bb button_on_hover=\u00bboff\u00bb background_layout=\u00bbdark\u00bb custom_css_main_element=\u00bbbox-shadow: none;||width: 100%;\u00bb button_letter_spacing_hover=\u00bb0&#8243; button_text_size__hover_enabled=\u00bboff\u00bb button_one_text_size__hover_enabled=\u00bboff\u00bb button_two_text_size__hover_enabled=\u00bboff\u00bb button_text_color__hover_enabled=\u00bboff\u00bb button_one_text_color__hover_enabled=\u00bboff\u00bb button_two_text_color__hover_enabled=\u00bboff\u00bb button_border_width__hover_enabled=\u00bboff\u00bb button_one_border_width__hover_enabled=\u00bboff\u00bb button_two_border_width__hover_enabled=\u00bboff\u00bb button_border_color__hover_enabled=\u00bboff\u00bb button_one_border_color__hover_enabled=\u00bboff\u00bb button_two_border_color__hover_enabled=\u00bboff\u00bb button_border_radius__hover_enabled=\u00bboff\u00bb button_one_border_radius__hover_enabled=\u00bboff\u00bb button_two_border_radius__hover_enabled=\u00bboff\u00bb button_letter_spacing__hover_enabled=\u00bbon\u00bb button_letter_spacing__hover=\u00bb0&#8243; button_one_letter_spacing__hover_enabled=\u00bboff\u00bb button_two_letter_spacing__hover_enabled=\u00bboff\u00bb button_bg_color__hover_enabled=\u00bboff\u00bb button_one_bg_color__hover_enabled=\u00bboff\u00bb button_two_bg_color__hover_enabled=\u00bboff\u00bb][\/et_pb_button][\/et_pb_column][et_pb_column type=\u00bb1_3&#8243; _builder_version=\u00bb3.25&#8243; custom_padding=\u00bb|||\u00bb custom_padding__hover=\u00bb|||\u00bb][et_pb_button button_url=\u00bbhttps:\/\/www.afghealthclinic.com\/\/es\/\u00bb button_text=\u00bbEnglish\u00bb button_alignment=\u00bbcenter\u00bb admin_label=\u00bbEspa\u00f1ol Button\u00bb _builder_version=\u00bb3.16&#8243; custom_button=\u00bbon\u00bb button_bg_color=\u00bb#569b92&#8243; button_border_radius=\u00bb0&#8243; button_icon=\u00bb%%165%%\u00bb button_icon_placement=\u00bbleft\u00bb button_on_hover=\u00bboff\u00bb background_layout=\u00bbdark\u00bb custom_css_main_element=\u00bbbox-shadow: none;||width: 100%;\u00bb button_letter_spacing_hover=\u00bb0&#8243; button_text_size__hover_enabled=\u00bboff\u00bb button_one_text_size__hover_enabled=\u00bboff\u00bb button_two_text_size__hover_enabled=\u00bboff\u00bb button_text_color__hover_enabled=\u00bboff\u00bb button_one_text_color__hover_enabled=\u00bboff\u00bb button_two_text_color__hover_enabled=\u00bboff\u00bb button_border_width__hover_enabled=\u00bboff\u00bb button_one_border_width__hover_enabled=\u00bboff\u00bb button_two_border_width__hover_enabled=\u00bboff\u00bb button_border_color__hover_enabled=\u00bboff\u00bb button_one_border_color__hover_enabled=\u00bboff\u00bb button_two_border_color__hover_enabled=\u00bboff\u00bb button_border_radius__hover_enabled=\u00bboff\u00bb button_one_border_radius__hover_enabled=\u00bboff\u00bb button_two_border_radius__hover_enabled=\u00bboff\u00bb button_letter_spacing__hover_enabled=\u00bbon\u00bb button_letter_spacing__hover=\u00bb0&#8243; button_one_letter_spacing__hover_enabled=\u00bboff\u00bb button_two_letter_spacing__hover_enabled=\u00bboff\u00bb button_bg_color__hover_enabled=\u00bboff\u00bb button_one_bg_color__hover_enabled=\u00bboff\u00bb button_two_bg_color__hover_enabled=\u00bboff\u00bb][\/et_pb_button][\/et_pb_column][\/et_pb_row][et_pb_row _builder_version=\u00bb3.25&#8243; background_size=\u00bbinitial\u00bb background_position=\u00bbtop_left\u00bb background_repeat=\u00bbrepeat\u00bb][et_pb_column type=\u00bb4_4&#8243; _builder_version=\u00bb3.25&#8243; custom_padding=\u00bb|||\u00bb custom_padding__hover=\u00bb|||\u00bb][et_pb_text admin_label=\u00bbServices offered by the American Foods Group\u00bb _builder_version=\u00bb3.27.4&#8243; header_text_color=\u00bb#ca938c\u00bb module_alignment=\u00bbleft\u00bb border_style=\u00bbsolid\u00bb]<\/p>\n<h1 id=\"tw-target-text\" class=\"tw-data-text tw-ta tw-text-small\" dir=\"ltr\" data-placeholder=\"Translation\"><span lang=\"es\">Servicios ofrecidos por la Cl\u00ednica de Salud y Bienestar del American Foods Group<\/span><\/h1>\n<p>[\/et_pb_text][\/et_pb_column][\/et_pb_row][et_pb_row _builder_version=\u00bb3.25&#8243; background_size=\u00bbinitial\u00bb background_position=\u00bbtop_left\u00bb background_repeat=\u00bbrepeat\u00bb column_structure=\u00bb1_3,2_3&#8243;][et_pb_column type=\u00bb1_3&#8243; _builder_version=\u00bb3.25&#8243; custom_padding=\u00bb|||\u00bb custom_padding__hover=\u00bb|||\u00bb][et_pb_image src=\u00bbhttps:\/\/www.afghealthclinic.com\/wp-content\/uploads\/2017\/08\/shutterstock_89145835.jpg\u00bb align_tablet=\u00bbcenter\u00bb align_last_edited=\u00bbon|desktop\u00bb admin_label=\u00bbPrimary Care Image\u00bb _builder_version=\u00bb3.23&#8243; border_style=\u00bbsolid\u00bb sticky=\u00bboff\u00bb always_center_on_mobile=\u00bbon\u00bb][\/et_pb_image][\/et_pb_column][et_pb_column type=\u00bb2_3&#8243; _builder_version=\u00bb3.25&#8243; custom_padding=\u00bb|||\u00bb custom_padding__hover=\u00bb|||\u00bb][et_pb_text admin_label=\u00bbPrimary Care\u00bb _builder_version=\u00bb3.27.4&#8243; module_alignment=\u00bbleft\u00bb border_style=\u00bbsolid\u00bb]<\/p>\n<h2>Atenci\u00f3n Primaria<\/h2>\n<ul>\n<li>Examen f\u00edsico incluyendo examen de mujer y var\u00f3n con PSA<\/li>\n<li>Examen bien-ni\u00f1o<\/li>\n<li>Enfermedades cr\u00f3nicas como: hipertensi\u00f3n, diabetes y colesterol<\/li>\n<li>Infecci\u00f3n respiratoria, dolor de garganta, infecci\u00f3n de o\u00eddo y bronquitis<\/li>\n<li>Laboratorios de lugar de trabajo como an\u00e1lisis de orina, strep r\u00e1pido, embarazo y mono<\/li>\n<li>Entrenamiento de salud<\/li>\n<li>Dolor de cabeza\/migra\u00f1a\/alergias<\/li>\n<li>Tracto urinario e infecci\u00f3n de la levadura<\/li>\n<li>Tratamiento de lesiones por esguinces, tensiones, peque\u00f1os cortes y quemaduras<\/li>\n<li>Vacunas<\/li>\n<li>An\u00e1lisis de sangre para ex\u00e1menes de laboratorio<\/li>\n<li>Prescripci\u00f3n electr\u00f3nica y relleno de medicamentos<\/li>\n<\/ul>\n<p>[\/et_pb_text][\/et_pb_column][\/et_pb_row][et_pb_row _builder_version=\u00bb3.25&#8243; background_size=\u00bbinitial\u00bb background_position=\u00bbtop_left\u00bb background_repeat=\u00bbrepeat\u00bb column_structure=\u00bb1_3,2_3&#8243;][et_pb_column type=\u00bb1_3&#8243; _builder_version=\u00bb3.25&#8243; custom_padding=\u00bb|||\u00bb custom_padding__hover=\u00bb|||\u00bb][et_pb_image src=\u00bbhttps:\/\/www.afghealthclinic.com\/wp-content\/uploads\/2017\/08\/shutterstock_515203348.jpg\u00bb align_tablet=\u00bbcenter\u00bb align_last_edited=\u00bbon|desktop\u00bb admin_label=\u00bbNurse Coach Services Image\u00bb _builder_version=\u00bb3.23&#8243; border_style=\u00bbsolid\u00bb sticky=\u00bboff\u00bb always_center_on_mobile=\u00bbon\u00bb][\/et_pb_image][\/et_pb_column][et_pb_column type=\u00bb2_3&#8243; _builder_version=\u00bb3.25&#8243; custom_padding=\u00bb|||\u00bb custom_padding__hover=\u00bb|||\u00bb][et_pb_text admin_label=\u00bbNurse Coach Services\u00bb _builder_version=\u00bb3.27.4&#8243; module_alignment=\u00bbleft\u00bb border_style=\u00bbsolid\u00bb]<\/p>\n<h2>Servicios De Entrenador De Enfermera<\/h2>\n<ul>\n<li>Entrenamiento de salud para temas relacionados con el estilo de vida (nutrici\u00f3n, ejercicio, fumar)<\/li>\n<li>Gesti\u00f3n de la atenci\u00f3n cr\u00f3nica (diabetes, presi\u00f3n arterial)<\/li>\n<li>Informaci\u00f3n sobre pruebas y ex\u00e1menes adecuados para la edad<\/li>\n<li>Cuidados b\u00e1sicos para dolores de garganta, dolores de o\u00eddo, infecciones nasales, s\u00edntomas de gripe o resfriado y m\u00e1s (incluye pruebas en el lugar de trabajo tales como estreptococo r\u00e1pido y az\u00facar en la sangre)<\/li>\n<li>Primeros auxilios para lesiones<\/li>\n<li>Ajustes ergon\u00f3micos b\u00e1sicos<\/li>\n<li>Vacunas como t\u00e9tanos, gripe y neumon\u00eda<\/li>\n<\/ul>\n<p>[\/et_pb_text][\/et_pb_column][\/et_pb_row][et_pb_row _builder_version=\u00bb3.25&#8243; background_size=\u00bbinitial\u00bb background_position=\u00bbtop_left\u00bb background_repeat=\u00bbrepeat\u00bb column_structure=\u00bb1_3,2_3&#8243;][et_pb_column type=\u00bb1_3&#8243; _builder_version=\u00bb3.25&#8243; custom_padding=\u00bb|||\u00bb custom_padding__hover=\u00bb|||\u00bb][et_pb_image src=\u00bbhttps:\/\/www.afghealthclinic.com\/wp-content\/uploads\/2017\/08\/shutterstock_498579529.jpg\u00bb align_tablet=\u00bbcenter\u00bb align_last_edited=\u00bbon|desktop\u00bb admin_label=\u00bbTherapy Services Image\u00bb _builder_version=\u00bb3.23&#8243; border_style=\u00bbsolid\u00bb sticky=\u00bboff\u00bb always_center_on_mobile=\u00bbon\u00bb][\/et_pb_image][\/et_pb_column][et_pb_column type=\u00bb2_3&#8243; _builder_version=\u00bb3.25&#8243; custom_padding=\u00bb|||\u00bb custom_padding__hover=\u00bb|||\u00bb][et_pb_text admin_label=\u00bbTherapy Services\u00bb _builder_version=\u00bb3.27.4&#8243; module_alignment=\u00bbleft\u00bb border_style=\u00bbsolid\u00bb]<\/p>\n<h2>Servicios De Terapia<\/h2>\n<ul>\n<li>Tratamiento de terapia f\u00edsica\/ocupacional<\/li>\n<li>Ayuda con molestias musculares o articulares de trabajo o enfermedades y lesiones no relacionadas al trabajo<\/li>\n<li>Ejercicio y consejos de estiramientos<\/li>\n<li>Preguntas sobre recomendaciones de ergonom\u00eda o equipo de trabajo<\/li>\n<li>Terapia postquir\u00fargica<\/li>\n<li>Asesoramiento sobre el nivel de aptitud f\u00edsica antes de iniciar un nuevo trabajo o actividad<\/li>\n<\/ul>\n<p>[\/et_pb_text][\/et_pb_column][\/et_pb_row][et_pb_row _builder_version=\u00bb3.25&#8243; background_size=\u00bbinitial\u00bb background_position=\u00bbtop_left\u00bb background_repeat=\u00bbrepeat\u00bb][et_pb_column type=\u00bb4_4&#8243; _builder_version=\u00bb3.25&#8243; custom_padding=\u00bb|||\u00bb custom_padding__hover=\u00bb|||\u00bb][et_pb_button button_url=\u00bbhttps:\/\/www.bellin.org\/afg\u00bb url_new_window=\u00bbon\u00bb button_text=\u00bbProgramar\u00bb button_alignment=\u00bbcenter\u00bb admin_label=\u00bbProgramar\u00bb _builder_version=\u00bb3.16&#8243; background_layout=\u00bbdark\u00bb button_letter_spacing_hover=\u00bb0&#8243; button_text_size__hover_enabled=\u00bboff\u00bb button_one_text_size__hover_enabled=\u00bboff\u00bb button_two_text_size__hover_enabled=\u00bboff\u00bb button_text_color__hover_enabled=\u00bboff\u00bb button_one_text_color__hover_enabled=\u00bboff\u00bb button_two_text_color__hover_enabled=\u00bboff\u00bb button_border_width__hover_enabled=\u00bboff\u00bb button_one_border_width__hover_enabled=\u00bboff\u00bb button_two_border_width__hover_enabled=\u00bboff\u00bb button_border_color__hover_enabled=\u00bboff\u00bb button_one_border_color__hover_enabled=\u00bboff\u00bb button_two_border_color__hover_enabled=\u00bboff\u00bb button_border_radius__hover_enabled=\u00bboff\u00bb button_one_border_radius__hover_enabled=\u00bboff\u00bb button_two_border_radius__hover_enabled=\u00bboff\u00bb button_letter_spacing__hover_enabled=\u00bbon\u00bb button_letter_spacing__hover=\u00bb0&#8243; button_one_letter_spacing__hover_enabled=\u00bboff\u00bb button_two_letter_spacing__hover_enabled=\u00bboff\u00bb button_bg_color__hover_enabled=\u00bboff\u00bb button_one_bg_color__hover_enabled=\u00bboff\u00bb button_two_bg_color__hover_enabled=\u00bboff\u00bb][\/et_pb_button][\/et_pb_column][\/et_pb_row][et_pb_row _builder_version=\u00bb3.25&#8243; background_color=\u00bb#7b2d28&#8243; background_size=\u00bbinitial\u00bb background_position=\u00bbtop_left\u00bb background_repeat=\u00bbrepeat\u00bb custom_margin=\u00bb30px|||\u00bb custom_padding=\u00bb20px|20px|20px|20px\u00bb][et_pb_column type=\u00bb4_4&#8243; _builder_version=\u00bb3.25&#8243; background_position=\u00bbtop_left\u00bb custom_padding=\u00bb|||\u00bb custom_padding__hover=\u00bb|||\u00bb][et_pb_text admin_label=\u00bbVideos\u00bb _builder_version=\u00bb3.27.4&#8243; background_layout=\u00bbdark\u00bb border_style=\u00bbsolid\u00bb]<\/p>\n<h2>Videos<\/h2>\n<p>[\/et_pb_text][et_pb_video_slider show_image_overlay=\u00bbon\u00bb controls_color=\u00bblight\u00bb _builder_version=\u00bb4.4.2&#8243; hover_enabled=\u00bb0&#8243;][et_pb_video_slider_item admin_title=\u00bbArketype American Foods Group Health and Wellness Clinic\u00bb src=\u00bbhttps:\/\/www.youtube.com\/watch?v=0hKS_wiE6DI&#038;feature=youtu.be\u00bb image_src=\u00bbhttps:\/\/www.afghealthclinic.com\/wp-content\/uploads\/2017\/07\/steve-van-lannen-video.jpg\u00bb _builder_version=\u00bb4.4.2&#8243; hover_enabled=\u00bb0&#8243; show_image_overlay=\u00bbon\u00bb][\/et_pb_video_slider_item][et_pb_video_slider_item admin_title=\u00bbBarry Daughtry, MD\u00bb src=\u00bbhttps:\/\/www.youtube.com\/watch?v=2JAN323hgTE&#038;feature=youtu.be\u00bb image_src=\u00bbhttps:\/\/www.afghealthclinic.com\/wp-content\/uploads\/2017\/07\/barry-daughtry-video.jpg\u00bb _builder_version=\u00bb4.4.2&#8243; hover_enabled=\u00bb0&#8243; show_image_overlay=\u00bbon\u00bb][\/et_pb_video_slider_item][et_pb_video_slider_item admin_title=\u00bbLouis Vargas\u00bb src=\u00bbhttps:\/\/www.youtube.com\/watch?v=EgHDsfNTW2I&#038;feature=youtu.be\u00bb image_src=\u00bbhttps:\/\/www.afghealthclinic.com\/wp-content\/uploads\/2017\/07\/luis-vargas-video.jpg\u00bb _builder_version=\u00bb4.4.2&#8243; hover_enabled=\u00bb0&#8243; show_image_overlay=\u00bbon\u00bb][\/et_pb_video_slider_item][\/et_pb_video_slider][\/et_pb_column][\/et_pb_row][\/et_pb_section]<\/p>\n","protected":false},"excerpt":{"rendered":"<p>Servicios Ofrecidos a Usted &nbsp; Servicios ofrecidos por la Cl\u00ednica de Salud y Bienestar del American Foods Group Atenci\u00f3n Primaria Examen f\u00edsico incluyendo examen de mujer y var\u00f3n con PSA Examen bien-ni\u00f1o Enfermedades cr\u00f3nicas como: hipertensi\u00f3n, diabetes y colesterol Infecci\u00f3n respiratoria, dolor de garganta, infecci\u00f3n de o\u00eddo y bronquitis Laboratorios de lugar de trabajo como [&hellip;]<\/p>\n","protected":false},"author":10,"featured_media":0,"parent":0,"menu_order":0,"comment_status":"closed","ping_status":"open","template":"","meta":{"_et_pb_use_builder":"on","_et_pb_old_content":"<p>This is an example page. It's different from a blog post because it will stay in one place and will show up in your site navigation (in most themes). Most people start with an About page that introduces them to potential site visitors. It might say something like this:<\/p><blockquote><p>Hi there! I'm a bike messenger by day, aspiring actor by night, and this is my website. I live in Los Angeles, have a great dog named Jack, and I like pi\u00f1a coladas. (And gettin' caught in the rain.)<\/p><\/blockquote><p>...or something like this:<\/p><blockquote><p>The XYZ Doohickey Company was founded in 1971, and has been providing quality doohickeys to the public ever since. Located in Gotham City, XYZ employs over 2,000 people and does all kinds of awesome things for the Gotham community.<\/p><\/blockquote><p>As a new WordPress user, you should go to <a href=\"https:\/\/www.afghealthclinic.com\/\/wp-admin\/\">your dashboard<\/a> to delete this page and create new pages for your content. Have fun!<\/p>","_et_gb_content_width":"","footnotes":""},"class_list":["post-666","page","type-page","status-publish","hentry"],"yoast_head":"<!-- This site is optimized with the Yoast SEO plugin v27.5 - https:\/\/yoast.com\/product\/yoast-seo-wordpress\/ -->\n<title>Servicios - AFG Clinic<\/title>\n<meta name=\"robots\" content=\"index, follow, max-snippet:-1, max-image-preview:large, max-video-preview:-1\" \/>\n<link rel=\"canonical\" href=\"https:\/\/www.afghealthclinic.com\/es\/servicios\/\" \/>\n<meta property=\"og:locale\" content=\"es_ES\" \/>\n<meta property=\"og:type\" content=\"article\" \/>\n<meta property=\"og:title\" content=\"Servicios - AFG Clinic\" \/>\n<meta property=\"og:description\" content=\"Servicios Ofrecidos a Usted &nbsp; Servicios ofrecidos por la Cl\u00ednica de Salud y Bienestar del American Foods Group Atenci\u00f3n Primaria Examen f\u00edsico incluyendo examen de mujer y var\u00f3n con PSA Examen bien-ni\u00f1o Enfermedades cr\u00f3nicas como: hipertensi\u00f3n, diabetes y colesterol Infecci\u00f3n respiratoria, dolor de garganta, infecci\u00f3n de o\u00eddo y bronquitis Laboratorios de lugar de trabajo como [&hellip;]\" \/>\n<meta property=\"og:url\" content=\"https:\/\/www.afghealthclinic.com\/es\/servicios\/\" \/>\n<meta property=\"og:site_name\" content=\"AFG Clinic\" \/>\n<meta property=\"article:modified_time\" content=\"2020-04-03T17:57:58+00:00\" \/>\n<meta name=\"twitter:card\" content=\"summary_large_image\" \/>\n<meta name=\"twitter:label1\" content=\"Tiempo de lectura\" \/>\n\t<meta name=\"twitter:data1\" content=\"9 minutos\" \/>\n<script type=\"application\/ld+json\" class=\"yoast-schema-graph\">{\"@context\":\"https:\\\/\\\/schema.org\",\"@graph\":[{\"@type\":\"WebPage\",\"@id\":\"https:\\\/\\\/www.afghealthclinic.com\\\/es\\\/servicios\\\/\",\"url\":\"https:\\\/\\\/www.afghealthclinic.com\\\/es\\\/servicios\\\/\",\"name\":\"Servicios - AFG Clinic\",\"isPartOf\":{\"@id\":\"https:\\\/\\\/www.afghealthclinic.com\\\/es\\\/#website\"},\"datePublished\":\"2017-09-24T19:54:18+00:00\",\"dateModified\":\"2020-04-03T17:57:58+00:00\",\"breadcrumb\":{\"@id\":\"https:\\\/\\\/www.afghealthclinic.com\\\/es\\\/servicios\\\/#breadcrumb\"},\"inLanguage\":\"es\",\"potentialAction\":[{\"@type\":\"ReadAction\",\"target\":[\"https:\\\/\\\/www.afghealthclinic.com\\\/es\\\/servicios\\\/\"]}]},{\"@type\":\"BreadcrumbList\",\"@id\":\"https:\\\/\\\/www.afghealthclinic.com\\\/es\\\/servicios\\\/#breadcrumb\",\"itemListElement\":[{\"@type\":\"ListItem\",\"position\":1,\"name\":\"Home\",\"item\":\"https:\\\/\\\/www.afghealthclinic.com\\\/es\\\/\"},{\"@type\":\"ListItem\",\"position\":2,\"name\":\"Servicios\"}]},{\"@type\":\"WebSite\",\"@id\":\"https:\\\/\\\/www.afghealthclinic.com\\\/es\\\/#website\",\"url\":\"https:\\\/\\\/www.afghealthclinic.com\\\/es\\\/\",\"name\":\"AFG Clinic\",\"description\":\"\",\"potentialAction\":[{\"@type\":\"SearchAction\",\"target\":{\"@type\":\"EntryPoint\",\"urlTemplate\":\"https:\\\/\\\/www.afghealthclinic.com\\\/es\\\/?s={search_term_string}\"},\"query-input\":{\"@type\":\"PropertyValueSpecification\",\"valueRequired\":true,\"valueName\":\"search_term_string\"}}],\"inLanguage\":\"es\"}]}<\/script>\n<!-- \/ Yoast SEO plugin. -->","yoast_head_json":{"title":"Servicios - AFG Clinic","robots":{"index":"index","follow":"follow","max-snippet":"max-snippet:-1","max-image-preview":"max-image-preview:large","max-video-preview":"max-video-preview:-1"},"canonical":"https:\/\/www.afghealthclinic.com\/es\/servicios\/","og_locale":"es_ES","og_type":"article","og_title":"Servicios - AFG Clinic","og_description":"Servicios Ofrecidos a Usted &nbsp; Servicios ofrecidos por la Cl\u00ednica de Salud y Bienestar del American Foods Group Atenci\u00f3n Primaria Examen f\u00edsico incluyendo examen de mujer y var\u00f3n con PSA Examen bien-ni\u00f1o Enfermedades cr\u00f3nicas como: hipertensi\u00f3n, diabetes y colesterol Infecci\u00f3n respiratoria, dolor de garganta, infecci\u00f3n de o\u00eddo y bronquitis Laboratorios de lugar de trabajo como [&hellip;]","og_url":"https:\/\/www.afghealthclinic.com\/es\/servicios\/","og_site_name":"AFG Clinic","article_modified_time":"2020-04-03T17:57:58+00:00","twitter_card":"summary_large_image","twitter_misc":{"Tiempo de lectura":"9 minutos"},"schema":{"@context":"https:\/\/schema.org","@graph":[{"@type":"WebPage","@id":"https:\/\/www.afghealthclinic.com\/es\/servicios\/","url":"https:\/\/www.afghealthclinic.com\/es\/servicios\/","name":"Servicios - AFG Clinic","isPartOf":{"@id":"https:\/\/www.afghealthclinic.com\/es\/#website"},"datePublished":"2017-09-24T19:54:18+00:00","dateModified":"2020-04-03T17:57:58+00:00","breadcrumb":{"@id":"https:\/\/www.afghealthclinic.com\/es\/servicios\/#breadcrumb"},"inLanguage":"es","potentialAction":[{"@type":"ReadAction","target":["https:\/\/www.afghealthclinic.com\/es\/servicios\/"]}]},{"@type":"BreadcrumbList","@id":"https:\/\/www.afghealthclinic.com\/es\/servicios\/#breadcrumb","itemListElement":[{"@type":"ListItem","position":1,"name":"Home","item":"https:\/\/www.afghealthclinic.com\/es\/"},{"@type":"ListItem","position":2,"name":"Servicios"}]},{"@type":"WebSite","@id":"https:\/\/www.afghealthclinic.com\/es\/#website","url":"https:\/\/www.afghealthclinic.com\/es\/","name":"AFG Clinic","description":"","potentialAction":[{"@type":"SearchAction","target":{"@type":"EntryPoint","urlTemplate":"https:\/\/www.afghealthclinic.com\/es\/?s={search_term_string}"},"query-input":{"@type":"PropertyValueSpecification","valueRequired":true,"valueName":"search_term_string"}}],"inLanguage":"es"}]}},"_links":{"self":[{"href":"https:\/\/www.afghealthclinic.com\/es\/wp-json\/wp\/v2\/pages\/666","targetHints":{"allow":["GET"]}}],"collection":[{"href":"https:\/\/www.afghealthclinic.com\/es\/wp-json\/wp\/v2\/pages"}],"about":[{"href":"https:\/\/www.afghealthclinic.com\/es\/wp-json\/wp\/v2\/types\/page"}],"author":[{"embeddable":true,"href":"https:\/\/www.afghealthclinic.com\/es\/wp-json\/wp\/v2\/users\/10"}],"replies":[{"embeddable":true,"href":"https:\/\/www.afghealthclinic.com\/es\/wp-json\/wp\/v2\/comments?post=666"}],"version-history":[{"count":0,"href":"https:\/\/www.afghealthclinic.com\/es\/wp-json\/wp\/v2\/pages\/666\/revisions"}],"wp:attachment":[{"href":"https:\/\/www.afghealthclinic.com\/es\/wp-json\/wp\/v2\/media?parent=666"}],"curies":[{"name":"wp","href":"https:\/\/api.w.org\/{rel}","templated":true}]}}